{"id":13,"date":"2018-02-06T18:01:18","date_gmt":"2018-02-06T18:01:18","guid":{"rendered":"http:\/\/www.alganda.org\/webalganda\/?page_id=13"},"modified":"2024-03-15T07:11:10","modified_gmt":"2024-03-15T06:11:10","slug":"quienes-somos","status":"publish","type":"page","link":"http:\/\/www.alganda.org\/webalganda\/quienes-somos\/","title":{"rendered":"Quienes somos"},"content":{"rendered":"<p>La Asociaci\u00f3n Cultural Alganda nace el 15 de mayo de 2005 en Toledo Ciudad, como una asociaci\u00f3n de \u00e1mbito provincial, y con unos objetivos claros de ofrecer talleres y acciones en torno a la animaci\u00f3n sociocultural hacia diferentes colectivos.<\/p>\n<p>Se empiezan a desarrollar acciones en torno a j\u00f3venes y mujeres, as\u00ed como talleres y formaciones m\u00e1s directas para ayuntamientos, asociaciones u otros grupos.<\/p>\n<p>En 2012 y tras siete a\u00f1os realizando diferentes talleres y actividades, se decide dar un paso m\u00e1s, y se busca que la entidad pueda ir elaborando proyectos y recursos con mayor continuidad, as\u00ed como crearlos para poder dar respuesta a las necesidades y situaciones que desde la Junta Directiva perciben.<\/p>\n<p>Para ello se hace la modificaci\u00f3n de los estatutos y su pertinente adecuaci\u00f3n de los mismos a las acciones a desarrollar.<\/p>\n<p>A partir del Diciembre de 2016 cambia su nombre y se empieza a denominar Asociaci\u00f3n Alganda Servicios Sociales, y cambia su \u00e1mbito geogr\u00e1fico hacia la Comunidad de Castilla-La Mancha.<\/p>\n<p>En la actualidad somos un conjunto de profesionales que trabajamos desde una visi\u00f3n transdisciplinar de la acci\u00f3n social, donde profesionales del trabajo social, educaci\u00f3n social, psicolog\u00eda y otras profesiones a\u00fanan sus conocimientos en los diferentes proyectos como objetivo claro de ayudar a las personas.<\/p>\n<p>En Alganda somos una asociaci\u00f3n abierta, consulta <a href=\"http:\/\/www.alganda.org\/webalganda\/wp-content\/uploads\/2018\/02\/estatutos_alganda_2017.pdf\" target=\"_blank\" rel=\"noopener noreferrer\">nuestros estatutos<\/a> para saber m\u00e1s.<\/p>\n<p><center><a href=\"http:\/\/www.alganda.org\/webalganda\/wp-content\/uploads\/2018\/02\/estatutos_alganda_2017.pdf\" target=\"_blank\" rel=\"noopener noreferrer\"><img decoding=\"async\" src=\"http:\/\/www.alganda.org\/webalganda\/wp-content\/uploads\/2018\/02\/estatutos_asoc_alganda.png\" \/><br \/>\n<button>Estatutos Alganda<\/button><\/a><\/center><\/p>\n<div class=\"alganda_contact\">\n<p>Para mas informaci\u00f3n:<\/p>\n<table>\n<tbody>\n<tr>\n<td style=\"text-align: center;\"><\/td>\n<td style=\"font-size: 20px;\">925 001 203<\/td>\n<\/tr>\n<tr>\n<td style=\"text-align: center;\"><\/td>\n<td><a href=\"mailto:asociacion@alganda.org\">asociacion@alganda.org<\/a><\/td>\n<\/tr>\n<\/tbody>\n<\/table>\n<\/div>\n","protected":false},"excerpt":{"rendered":"<p>La Asociaci\u00f3n Cultural Alganda nace el 15 de mayo de 2005 en Toledo Ciudad, como una asociaci\u00f3n de \u00e1mbito provincial, y con unos objetivos claros de ofrecer talleres y acciones [&hellip;]<\/p>\n","protected":false},"author":1,"featured_media":0,"parent":0,"menu_order":0,"comment_status":"closed","ping_status":"closed","template":"","meta":{"jetpack_post_was_ever_published":false,"footnotes":""},"class_list":["post-13","page","type-page","status-publish","hentry"],"jetpack_sharing_enabled":true,"jetpack_shortlink":"https:\/\/wp.me\/P9DCiD-d","_links":{"self":[{"href":"http:\/\/www.alganda.org\/webalganda\/wp-json\/wp\/v2\/pages\/13","targetHints":{"allow":["GET"]}}],"collection":[{"href":"http:\/\/www.alganda.org\/webalganda\/wp-json\/wp\/v2\/pages"}],"about":[{"href":"http:\/\/www.alganda.org\/webalganda\/wp-json\/wp\/v2\/types\/page"}],"author":[{"embeddable":true,"href":"http:\/\/www.alganda.org\/webalganda\/wp-json\/wp\/v2\/users\/1"}],"replies":[{"embeddable":true,"href":"http:\/\/www.alganda.org\/webalganda\/wp-json\/wp\/v2\/comments?post=13"}],"version-history":[{"count":12,"href":"http:\/\/www.alganda.org\/webalganda\/wp-json\/wp\/v2\/pages\/13\/revisions"}],"predecessor-version":[{"id":2506,"href":"http:\/\/www.alganda.org\/webalganda\/wp-json\/wp\/v2\/pages\/13\/revisions\/2506"}],"wp:attachment":[{"href":"http:\/\/www.alganda.org\/webalganda\/wp-json\/wp\/v2\/media?parent=13"}],"curies":[{"name":"wp","href":"https:\/\/api.w.org\/{rel}","templated":true}]}}