{"id":15,"date":"2018-02-06T18:03:04","date_gmt":"2018-02-06T18:03:04","guid":{"rendered":"http:\/\/www.alganda.org\/webalganda\/?page_id=15"},"modified":"2020-11-29T17:02:52","modified_gmt":"2020-11-29T16:02:52","slug":"valor-anadido","status":"publish","type":"page","link":"http:\/\/www.alganda.org\/webalganda\/valor-anadido\/","title":{"rendered":"Valor a\u00f1adido"},"content":{"rendered":"<p>En todas nuestras acciones, desde Alganda Servicios Sociales, buscamos el crecimiento personal y profesional hacia donde van dirigidas nuestras acciones, tanto formativas como de intervenci\u00f3n. Viendo necesario este crecimiento para en un futuro, no tener que depender de un seguimiento y un trabajo profesionalizado, y no depender de instituciones sociales, sino poder potencializar sus propios recursos.<\/p>\n<p>Trabajar desde el Empoderamiento de las personas, sacar sus capacidades, reorganizar su estructura de pensamientos, y fortalecer aquellas conductas que le han sido positivas en el transcurso de su vida, son temas muy importantes a trabajar, en cualquier acci\u00f3n que desarrollamos, ya sea de formaci\u00f3n social, formaci\u00f3n profesional o intervenci\u00f3n directa.<\/p>\n<div class=\"alganda_contact\">\n<p>Para mas informaci\u00f3n:<\/p>\n<table>\n<tbody>\n<tr>\n<td style=\"text-align: center;\"><a  href=\"callto:+34925001203\"><i class=\"fa fa-phone fa-2x\" aria-hidden=\"true\"><\/i><\/a><\/td>\n<td style=\"font-size: 20px;\">925 001 203<\/td>\n<\/tr>\n<tr>\n<td style=\"text-align: center;\"><a  href=\"mailto:gerente@alganda.org\"><i class=\"fa fa-envelope fa-2x\" aria-hidden=\"true\"><\/i><\/a><\/td>\n<td><a href=\"mailto:asociacion@alganda.org\">asociacion@alganda.org<\/a><\/td>\n<\/tr>\n<\/tbody>\n<\/table><\/div>\n","protected":false},"excerpt":{"rendered":"<p>En todas nuestras acciones, desde Alganda Servicios Sociales, buscamos el crecimiento personal y profesional hacia donde van dirigidas nuestras acciones, tanto formativas como de intervenci\u00f3n. Viendo necesario este crecimiento para [&hellip;]<\/p>\n","protected":false},"author":1,"featured_media":0,"parent":0,"menu_order":0,"comment_status":"closed","ping_status":"closed","template":"","meta":{"jetpack_post_was_ever_published":false,"footnotes":""},"class_list":["post-15","page","type-page","status-publish","hentry"],"jetpack_sharing_enabled":true,"jetpack_shortlink":"https:\/\/wp.me\/P9DCiD-f","_links":{"self":[{"href":"http:\/\/www.alganda.org\/webalganda\/wp-json\/wp\/v2\/pages\/15","targetHints":{"allow":["GET"]}}],"collection":[{"href":"http:\/\/www.alganda.org\/webalganda\/wp-json\/wp\/v2\/pages"}],"about":[{"href":"http:\/\/www.alganda.org\/webalganda\/wp-json\/wp\/v2\/types\/page"}],"author":[{"embeddable":true,"href":"http:\/\/www.alganda.org\/webalganda\/wp-json\/wp\/v2\/users\/1"}],"replies":[{"embeddable":true,"href":"http:\/\/www.alganda.org\/webalganda\/wp-json\/wp\/v2\/comments?post=15"}],"version-history":[{"count":6,"href":"http:\/\/www.alganda.org\/webalganda\/wp-json\/wp\/v2\/pages\/15\/revisions"}],"predecessor-version":[{"id":1503,"href":"http:\/\/www.alganda.org\/webalganda\/wp-json\/wp\/v2\/pages\/15\/revisions\/1503"}],"wp:attachment":[{"href":"http:\/\/www.alganda.org\/webalganda\/wp-json\/wp\/v2\/media?parent=15"}],"curies":[{"name":"wp","href":"https:\/\/api.w.org\/{rel}","templated":true}]}}