{"id":17,"date":"2018-02-06T18:05:02","date_gmt":"2018-02-06T18:05:02","guid":{"rendered":"http:\/\/www.alganda.org\/webalganda\/?page_id=17"},"modified":"2020-11-29T17:04:33","modified_gmt":"2020-11-29T16:04:33","slug":"para-quien-trabajamos","status":"publish","type":"page","link":"http:\/\/www.alganda.org\/webalganda\/para-quien-trabajamos\/","title":{"rendered":"Para quien trabajamos"},"content":{"rendered":"\n<p>Nuestros proyectos van dirigidos especialmente hacia la Administraci\u00f3n, ya sea mediante convocatoria a subvenciones, trabajos directos o mediante licitaciones p\u00fablicas. Aunque tambi\u00e9n desarrollamos proyectos para otras entidades sociales, con las que colaboramos, ya sea a iniciativa propia suya o mediante exposici\u00f3n de un proyecto de trabajo.<\/p>\n<p>Trabajamos con entidades sociales diversas o mutuas laborales o de seguros, ofreciendo una cartera de servicios muy amplia para sus asociados. As\u00ed como ayudamos a implantar diferentes protocolos o planes de igualdad de g\u00e9nero, de igualdad ante la discapacidad, etc.<\/p>\n<p>Tambi\u00e9n trabajamos en las empresas mediante la formaci\u00f3n de sus trabajadores en Trabajo en Grupo, o Soluci\u00f3n de conflictos. Ofrecemos la posibilidad de contratar un profesional de lo social, para poder atender directamente a sus trabajadores y prevenir absentismo laboral, y ganar en productividad.<\/p>\n<p>Y por \u00faltimo se ofrecen diferentes acciones o servicios directos a la poblaci\u00f3n en general.<\/p>\n<div class=\"alganda_contact\">\n<p>Para mas informaci\u00f3n:<\/p>\n<table>\n<tbody>\n<tr>\n<td style=\"text-align: center;\"><a  href=\"callto:+34925001203\"><i class=\"fa fa-phone fa-2x\" aria-hidden=\"true\"><\/i><\/a><\/td>\n<td style=\"font-size: 20px;\">925 001 203<\/td>\n<\/tr>\n<tr>\n<td style=\"text-align: center;\"><a  href=\"mailto:gerente@alganda.org\"><i class=\"fa fa-envelope fa-2x\" aria-hidden=\"true\"><\/i><\/a><\/td>\n<td><a href=\"mailto:asociacion@alganda.org\">asociacion@alganda.org<\/a><\/td>\n<\/tr>\n<\/tbody>\n<\/table><\/div>\n","protected":false},"excerpt":{"rendered":"<p>Nuestros proyectos van dirigidos especialmente hacia la Administraci\u00f3n, ya sea mediante convocatoria a subvenciones, trabajos directos o mediante licitaciones p\u00fablicas. Aunque tambi\u00e9n desarrollamos proyectos para otras entidades sociales, con las [&hellip;]<\/p>\n","protected":false},"author":1,"featured_media":0,"parent":0,"menu_order":0,"comment_status":"closed","ping_status":"closed","template":"","meta":{"jetpack_post_was_ever_published":false,"footnotes":""},"class_list":["post-17","page","type-page","status-publish","hentry"],"jetpack_sharing_enabled":true,"jetpack_shortlink":"https:\/\/wp.me\/P9DCiD-h","_links":{"self":[{"href":"http:\/\/www.alganda.org\/webalganda\/wp-json\/wp\/v2\/pages\/17","targetHints":{"allow":["GET"]}}],"collection":[{"href":"http:\/\/www.alganda.org\/webalganda\/wp-json\/wp\/v2\/pages"}],"about":[{"href":"http:\/\/www.alganda.org\/webalganda\/wp-json\/wp\/v2\/types\/page"}],"author":[{"embeddable":true,"href":"http:\/\/www.alganda.org\/webalganda\/wp-json\/wp\/v2\/users\/1"}],"replies":[{"embeddable":true,"href":"http:\/\/www.alganda.org\/webalganda\/wp-json\/wp\/v2\/comments?post=17"}],"version-history":[{"count":5,"href":"http:\/\/www.alganda.org\/webalganda\/wp-json\/wp\/v2\/pages\/17\/revisions"}],"predecessor-version":[{"id":1507,"href":"http:\/\/www.alganda.org\/webalganda\/wp-json\/wp\/v2\/pages\/17\/revisions\/1507"}],"wp:attachment":[{"href":"http:\/\/www.alganda.org\/webalganda\/wp-json\/wp\/v2\/media?parent=17"}],"curies":[{"name":"wp","href":"https:\/\/api.w.org\/{rel}","templated":true}]}}