{"id":19,"date":"2018-02-06T18:08:24","date_gmt":"2018-02-06T18:08:24","guid":{"rendered":"http:\/\/www.alganda.org\/webalganda\/?page_id=19"},"modified":"2020-11-29T17:06:31","modified_gmt":"2020-11-29T16:06:31","slug":"consultoria-social","status":"publish","type":"page","link":"http:\/\/www.alganda.org\/webalganda\/consultoria-social\/","title":{"rendered":"Consultor\u00eda social"},"content":{"rendered":"<p>Bajo este ep\u00edgrafe centramos el trabajo que desde la entidad hacemos para otras entidades o poblaci\u00f3n en general. Generalmente trabajamos con la ayuda a creaci\u00f3n de entidades o asociaciones, as\u00ed como su funcionamiento, gesti\u00f3n, convocatorias, creaci\u00f3n de proyectos, justificaci\u00f3n, etc.<\/p>\n<p>La consultor\u00eda social viene a dar respuestas a las necesidades de los clientes o destinatarios de los servicios para solventar todas sus dudas, as\u00ed como la realizaci\u00f3n de tr\u00e1mites burocr\u00e1ticos con la administraci\u00f3n para solicitud de ayudas o de recursos.<\/p>\n<p>Ley de Dependencia, ayudas t\u00e9cnicas, procesos de adopci\u00f3n, etc.<\/p>\n<div class=\"alganda_contact\">\n<p>Para mas informaci\u00f3n:<\/p>\n<table>\n<tbody>\n<tr>\n<td style=\"text-align: center;\"><a  href=\"callto:+34925001203\"><i class=\"fa fa-phone fa-2x\" aria-hidden=\"true\"><\/i><\/a><\/td>\n<td style=\"font-size: 20px;\">925 001 203<\/td>\n<\/tr>\n<tr>\n<td style=\"text-align: center;\"><a  href=\"mailto:gerente@alganda.org\"><i class=\"fa fa-envelope fa-2x\" aria-hidden=\"true\"><\/i><\/a><\/td>\n<td><a href=\"mailto:asociacion@alganda.org\">asociacion@alganda.org<\/a><\/td>\n<\/tr>\n<\/tbody>\n<\/table><\/div>\n","protected":false},"excerpt":{"rendered":"<p>Bajo este ep\u00edgrafe centramos el trabajo que desde la entidad hacemos para otras entidades o poblaci\u00f3n en general. Generalmente trabajamos con la ayuda a creaci\u00f3n de entidades o asociaciones, as\u00ed [&hellip;]<\/p>\n","protected":false},"author":1,"featured_media":0,"parent":0,"menu_order":0,"comment_status":"closed","ping_status":"closed","template":"","meta":{"jetpack_post_was_ever_published":false,"footnotes":""},"class_list":["post-19","page","type-page","status-publish","hentry"],"jetpack_sharing_enabled":true,"jetpack_shortlink":"https:\/\/wp.me\/P9DCiD-j","_links":{"self":[{"href":"http:\/\/www.alganda.org\/webalganda\/wp-json\/wp\/v2\/pages\/19","targetHints":{"allow":["GET"]}}],"collection":[{"href":"http:\/\/www.alganda.org\/webalganda\/wp-json\/wp\/v2\/pages"}],"about":[{"href":"http:\/\/www.alganda.org\/webalganda\/wp-json\/wp\/v2\/types\/page"}],"author":[{"embeddable":true,"href":"http:\/\/www.alganda.org\/webalganda\/wp-json\/wp\/v2\/users\/1"}],"replies":[{"embeddable":true,"href":"http:\/\/www.alganda.org\/webalganda\/wp-json\/wp\/v2\/comments?post=19"}],"version-history":[{"count":6,"href":"http:\/\/www.alganda.org\/webalganda\/wp-json\/wp\/v2\/pages\/19\/revisions"}],"predecessor-version":[{"id":1511,"href":"http:\/\/www.alganda.org\/webalganda\/wp-json\/wp\/v2\/pages\/19\/revisions\/1511"}],"wp:attachment":[{"href":"http:\/\/www.alganda.org\/webalganda\/wp-json\/wp\/v2\/media?parent=19"}],"curies":[{"name":"wp","href":"https:\/\/api.w.org\/{rel}","templated":true}]}}