{"id":2335,"date":"2023-12-28T23:47:36","date_gmt":"2023-12-28T22:47:36","guid":{"rendered":"https:\/\/www.alganda.org\/webalganda\/?page_id=2335"},"modified":"2024-01-10T09:21:26","modified_gmt":"2024-01-10T08:21:26","slug":"mayora-campana","status":"publish","type":"page","link":"http:\/\/www.alganda.org\/webalganda\/mayora-campana\/","title":{"rendered":"Mayores Campana"},"content":{"rendered":"<p><img loading=\"lazy\" decoding=\"async\" class=\"alignnone size-full wp-image-2383\" src=\"http:\/\/www.alganda.org\/webalganda\/wp-content\/uploads\/2024\/01\/mayores-campana.png\" alt=\"\" width=\"863\" height=\"525\" srcset=\"http:\/\/www.alganda.org\/webalganda\/wp-content\/uploads\/2024\/01\/mayores-campana.png 863w, http:\/\/www.alganda.org\/webalganda\/wp-content\/uploads\/2024\/01\/mayores-campana-300x183.png 300w, http:\/\/www.alganda.org\/webalganda\/wp-content\/uploads\/2024\/01\/mayores-campana-768x467.png 768w\" sizes=\"auto, (max-width: 863px) 100vw, 863px\" \/><\/p>\n<p>In-Cluyendo Experiencias es un proyecto que busca mejorar la calidad de vida, as\u00ed como dotar de una cobertura especial a las personas mayores en la Campana de Oropesa a fin de prevenir la soledad.<\/p>\n<p>El objetivo es proveer de un servicio de asesoramiento, valoraci\u00f3n, orientaci\u00f3n, informaci\u00f3n y apoyo a las personas mayores en situaci\u00f3n de soledad, as\u00ed como a sus familias y entorno m\u00e1s cercano, en el proceso natural de envejecimiento, cubriendo sus posibles necesidades.<\/p>\n<p>Para ello trabajamos desde la perspectiva comunitaria, apoy\u00e1ndonos en el entorno para disminuir el riego de soledad de las personas con escasas redes de apoyo.<\/p>\n<p>Trabajamos desde el modelo de atenci\u00f3n integral y centrada en la persona, realizando itinerarios de acompa\u00f1amiento e intervenci\u00f3n totalmente individualizados y adaptados a las necesidades de las personas mayores.<\/p>\n<p>Desde la Atenci\u00f3n Psicosocial trabajamos con las personas mayores desde una perspectiva social y psicoterap\u00e9utica para volver a los m\u00ednimos necesarios para no depender de los servicios sociales y desarrollar las habilidades y recursos necesarios para mejorar su calidad de vida en el domicilio. Puedes consultar el d\u00edptico en el siguiente\u00a0enlace.<\/p>\n<p>Desde la intervenci\u00f3n comunitaria se busca implicar a los y las vecinas, los profesionales y las distintas entidades y organismos en la realizaci\u00f3n de actividades para las personas mayores, como la formaci\u00f3n a las juntas directivas de las asociaciones de mayores o la realizaci\u00f3n de actividades de ocio y tiempo libre.<br \/>\n&#8211; Talleres de envejecimiento activo desarrollados en los distintos municipios que componen la Campana. El objetivo es generar un espacio semanal de encuentro el que desarrollar distintas actividades de estimulaci\u00f3n cognitiva para mantenerse activos f\u00edsica y mentalmente.<br \/>\n&#8211; #ActivaMente: Envejecimiento Activo en Casa es una propuesta para que las personas mayores puedan realizar actividades de envejecimiento activo de desde casa, ayudando as\u00ed a preservar su salud f\u00edsica y mental. Ten\u00e9is m\u00e1s informaci\u00f3n a vuestra disposici\u00f3n en el siguiente\u00a0enlace.<br \/>\n&#8211; Asesoramiento y Formaci\u00f3n a juntas directivas de las asociaciones de mayores de los distintos municipios para con las acciones del devenir cotidiano de la asociaci\u00f3n.<\/p>\n","protected":false},"excerpt":{"rendered":"<p>In-Cluyendo Experiencias es un proyecto que busca mejorar la calidad de vida, as\u00ed como dotar de una cobertura especial a las personas mayores en la Campana de Oropesa a fin [&hellip;]<\/p>\n","protected":false},"author":2,"featured_media":2383,"parent":0,"menu_order":0,"comment_status":"closed","ping_status":"closed","template":"","meta":{"jetpack_post_was_ever_published":false,"footnotes":""},"class_list":["post-2335","page","type-page","status-publish","has-post-thumbnail","hentry"],"jetpack_sharing_enabled":true,"jetpack_shortlink":"https:\/\/wp.me\/P9DCiD-BF","_links":{"self":[{"href":"http:\/\/www.alganda.org\/webalganda\/wp-json\/wp\/v2\/pages\/2335","targetHints":{"allow":["GET"]}}],"collection":[{"href":"http:\/\/www.alganda.org\/webalganda\/wp-json\/wp\/v2\/pages"}],"about":[{"href":"http:\/\/www.alganda.org\/webalganda\/wp-json\/wp\/v2\/types\/page"}],"author":[{"embeddable":true,"href":"http:\/\/www.alganda.org\/webalganda\/wp-json\/wp\/v2\/users\/2"}],"replies":[{"embeddable":true,"href":"http:\/\/www.alganda.org\/webalganda\/wp-json\/wp\/v2\/comments?post=2335"}],"version-history":[{"count":5,"href":"http:\/\/www.alganda.org\/webalganda\/wp-json\/wp\/v2\/pages\/2335\/revisions"}],"predecessor-version":[{"id":2384,"href":"http:\/\/www.alganda.org\/webalganda\/wp-json\/wp\/v2\/pages\/2335\/revisions\/2384"}],"wp:featuredmedia":[{"embeddable":true,"href":"http:\/\/www.alganda.org\/webalganda\/wp-json\/wp\/v2\/media\/2383"}],"wp:attachment":[{"href":"http:\/\/www.alganda.org\/webalganda\/wp-json\/wp\/v2\/media?parent=2335"}],"curies":[{"name":"wp","href":"https:\/\/api.w.org\/{rel}","templated":true}]}}