{"id":2336,"date":"2023-12-28T23:47:36","date_gmt":"2023-12-28T22:47:36","guid":{"rendered":"https:\/\/www.alganda.org\/webalganda\/?page_id=2336"},"modified":"2024-01-16T09:56:23","modified_gmt":"2024-01-16T08:56:23","slug":"prevencion-suicidio","status":"publish","type":"page","link":"http:\/\/www.alganda.org\/webalganda\/prevencion-suicidio\/","title":{"rendered":"Prevenci\u00f3n Suicidio"},"content":{"rendered":"<p><img loading=\"lazy\" decoding=\"async\" class=\"alignright wp-image-2396 size-large\" src=\"http:\/\/www.alganda.org\/webalganda\/wp-content\/uploads\/2024\/01\/Infografia-Emociones-y-Psicologia-Ilustrado-Turquesa-1-410x1024.png\" alt=\"\" width=\"410\" height=\"1024\" srcset=\"http:\/\/www.alganda.org\/webalganda\/wp-content\/uploads\/2024\/01\/Infografia-Emociones-y-Psicologia-Ilustrado-Turquesa-1-410x1024.png 410w, http:\/\/www.alganda.org\/webalganda\/wp-content\/uploads\/2024\/01\/Infografia-Emociones-y-Psicologia-Ilustrado-Turquesa-1-120x300.png 120w, http:\/\/www.alganda.org\/webalganda\/wp-content\/uploads\/2024\/01\/Infografia-Emociones-y-Psicologia-Ilustrado-Turquesa-1-768x1920.png 768w, http:\/\/www.alganda.org\/webalganda\/wp-content\/uploads\/2024\/01\/Infografia-Emociones-y-Psicologia-Ilustrado-Turquesa-1-236x590.png 236w, http:\/\/www.alganda.org\/webalganda\/wp-content\/uploads\/2024\/01\/Infografia-Emociones-y-Psicologia-Ilustrado-Turquesa-1.png 800w\" sizes=\"auto, (max-width: 410px) 100vw, 410px\" \/><em><strong>\u00bfHABLAMOS?<\/strong><\/em> Surge para dar respuesta al incremento de conductas suicidas y autol\u00edticas en la poblaci\u00f3n infantojuvenil en nuestro pa\u00eds. Desde 2023 trabajamos en Talavera de la Reina, realizando acciones de sensibilizaci\u00f3n y prevenci\u00f3n de conductas suicidas y autol\u00edticas en los centros educativos de nuestra localidad.<\/p>\n<p>Nuestro trabajo gira en torno a la promoci\u00f3n de la salud mental por medio de la detecci\u00f3n de factores de riesgo a reducir y la potenciaci\u00f3n en los y las j\u00f3venes de factores protectores mediante el entrenamiento en habilidades sociales, psicoeducaci\u00f3n, gesti\u00f3n de emociones y coping entre otras.<\/p>\n<p><strong>El objetivo del proyecto es:<\/strong><\/p>\n<ul>\n<li>Dar a conocer situaciones y factores de riesgo que puedan hacernos sospechar.<\/li>\n<li>Sensibilizar e informar acerca de la problem\u00e1tica del suicidio y las conductas autolesivas.<\/li>\n<li>Realizar acciones preventivas en los centros educativos<\/li>\n<li>Promover en la juventud habilidades para vivir y manejar adecuadamente situaciones estresantes y demandantes de su entorno.<\/li>\n<li>Apoyar a las madres, padres tutores y centros educativos en la prevenci\u00f3n y detecci\u00f3n de situaciones de riesgo.<\/li>\n<\/ul>\n<p>Tambi\u00e9n realizamos acciones divulgativas para sensibilizar a cerca de la problem\u00e1tica de las conductas autolesivas, como la \u201cGu\u00eda de prevenci\u00f3n de conductas autol\u00edticas en poblaci\u00f3n infantojuvenil\u201d que puedes descargar en el siguiente <a href=\"https:\/\/www.alganda.org\/webalganda\/guia-para-la-prevencion-del-suicidio-en-poblacion-infantojuvenil\/\"><strong>enlace<\/strong><\/a>.<\/p>\n<p>Este proyecto es posible gracias a la financiaci\u00f3n de la Fundaci\u00f3n Sociosanitaria de Castilla-La Mancha.<\/p>\n<p>Si necesitas ayuda, conoces a alguien que pueda estar en situaci\u00f3n de riesgo o simplemente necesitas m\u00e1s informaci\u00f3n ponte en contacto con nosotras.<\/p>\n","protected":false},"excerpt":{"rendered":"<p>\u00bfHABLAMOS? Surge para dar respuesta al incremento de conductas suicidas y autol\u00edticas en la poblaci\u00f3n infantojuvenil en nuestro pa\u00eds. Desde 2023 trabajamos en Talavera de la Reina, realizando acciones de [&hellip;]<\/p>\n","protected":false},"author":2,"featured_media":0,"parent":0,"menu_order":0,"comment_status":"closed","ping_status":"closed","template":"","meta":{"jetpack_post_was_ever_published":false,"footnotes":""},"class_list":["post-2336","page","type-page","status-publish","hentry"],"jetpack_sharing_enabled":true,"jetpack_shortlink":"https:\/\/wp.me\/P9DCiD-BG","_links":{"self":[{"href":"http:\/\/www.alganda.org\/webalganda\/wp-json\/wp\/v2\/pages\/2336","targetHints":{"allow":["GET"]}}],"collection":[{"href":"http:\/\/www.alganda.org\/webalganda\/wp-json\/wp\/v2\/pages"}],"about":[{"href":"http:\/\/www.alganda.org\/webalganda\/wp-json\/wp\/v2\/types\/page"}],"author":[{"embeddable":true,"href":"http:\/\/www.alganda.org\/webalganda\/wp-json\/wp\/v2\/users\/2"}],"replies":[{"embeddable":true,"href":"http:\/\/www.alganda.org\/webalganda\/wp-json\/wp\/v2\/comments?post=2336"}],"version-history":[{"count":4,"href":"http:\/\/www.alganda.org\/webalganda\/wp-json\/wp\/v2\/pages\/2336\/revisions"}],"predecessor-version":[{"id":2397,"href":"http:\/\/www.alganda.org\/webalganda\/wp-json\/wp\/v2\/pages\/2336\/revisions\/2397"}],"wp:attachment":[{"href":"http:\/\/www.alganda.org\/webalganda\/wp-json\/wp\/v2\/media?parent=2336"}],"curies":[{"name":"wp","href":"https:\/\/api.w.org\/{rel}","templated":true}]}}