{"id":2337,"date":"2023-12-28T23:47:36","date_gmt":"2023-12-28T22:47:36","guid":{"rendered":"https:\/\/www.alganda.org\/webalganda\/?page_id=2337"},"modified":"2024-01-28T08:04:57","modified_gmt":"2024-01-28T07:04:57","slug":"centro-de-dia","status":"publish","type":"page","link":"http:\/\/www.alganda.org\/webalganda\/centro-de-dia\/","title":{"rendered":"Centro de D\u00eda de Familia"},"content":{"rendered":"<p>\u201cCreando Familia\u201d es un proyecto que atiende a ni\u00f1os y ni\u00f1as y adolescentes de Talavera de la Reina, as\u00ed como a las familias, facilitando su acceso a los recursos comunitarios.<\/p>\n<p>El objetivo es promover trayectorias vitales y educativas de \u00e9xito, ofrecer un espacio social y educativo de referencia en el cual se trabajan habilidades sociales, gesti\u00f3n de conflictos, dificultades educativas\u2026a fin de crear un espacio social seguro para los y las menores.<\/p>\n<p>Se trabaja desde un modelo de acompa\u00f1amiento social y desde la terapia familiar sist\u00e9mica. Se toma como punto de partida la necesidad real de cada familia; conjuntamente con ella se definen los objetivos a conseguir y se planifica el modelo de intervenci\u00f3n m\u00e1s adecuado.<\/p>\n<p>Desde la intervenci\u00f3n se llevan a cabo una serie de acciones dirigidas tanto a los menores como a la familia en su conjunto. Destacamos:<\/p>\n<p>&#8211; Apoyo escolar: mediante el refuerzo educativo y el seguimiento de asistencia a centros escolares, pretendemos ser un apoyo para que ni\u00f1os y ni\u00f1as desarrollen inquietudes por el estudio, adquieran h\u00e1bitos y contin\u00faen si as\u00ed lo desean en la senda de la formaci\u00f3n una vez finalice la edad escolar obligatoria.<br \/>\n&#8211; Salidas de ocio. Estas acciones se realizan dentro y fuera del centro; con las salidas fuera del centro proporcionamos la oportunidad a ni\u00f1os\/as y adolescentes de acceder a actividades en las cuales se combina aprendizaje con diversi\u00f3n. ( excursiones, visitas a otras ciudades, cine, teatros, actividades deportivas\u2026)<br \/>\n&#8211; Juegos y talleres: mediante el juego y talleres sobre temas de inter\u00e9s, trabajamos las habilidades sociales, formas de comunicarse, el trabajo en equipo\u2026<br \/>\n&#8211; Grupo de familias: algunas actividades se llevan a cabo conjuntamente con las familias y sus hijos e hijas, de tal forma que se fomente la participaci\u00f3n de padres y madres y se refuercen los lazos familiares de apoyo.<br \/>\n&#8211; Escuela de padres y madres: se realizan de forma grupal y tambi\u00e9n individualmente, acompa\u00f1ando a padres y madres que encuentran dificultades en la educaci\u00f3n y resoluci\u00f3n de conflictos con sus hijas e hijos peque\u00f1os o adolescentes.<\/p>\n<p>El medio para acceder al recurso puede ser mediante derivaci\u00f3n de centros educativos u otras instituciones y por iniciativa propia.<\/p>\n","protected":false},"excerpt":{"rendered":"<p>\u201cCreando Familia\u201d es un proyecto que atiende a ni\u00f1os y ni\u00f1as y adolescentes de Talavera de la Reina, as\u00ed como a las familias, facilitando su acceso a los recursos comunitarios. [&hellip;]<\/p>\n","protected":false},"author":2,"featured_media":2455,"parent":0,"menu_order":0,"comment_status":"closed","ping_status":"closed","template":"","meta":{"jetpack_post_was_ever_published":false,"footnotes":""},"class_list":["post-2337","page","type-page","status-publish","has-post-thumbnail","hentry"],"jetpack_sharing_enabled":true,"jetpack_shortlink":"https:\/\/wp.me\/P9DCiD-BH","_links":{"self":[{"href":"http:\/\/www.alganda.org\/webalganda\/wp-json\/wp\/v2\/pages\/2337","targetHints":{"allow":["GET"]}}],"collection":[{"href":"http:\/\/www.alganda.org\/webalganda\/wp-json\/wp\/v2\/pages"}],"about":[{"href":"http:\/\/www.alganda.org\/webalganda\/wp-json\/wp\/v2\/types\/page"}],"author":[{"embeddable":true,"href":"http:\/\/www.alganda.org\/webalganda\/wp-json\/wp\/v2\/users\/2"}],"replies":[{"embeddable":true,"href":"http:\/\/www.alganda.org\/webalganda\/wp-json\/wp\/v2\/comments?post=2337"}],"version-history":[{"count":4,"href":"http:\/\/www.alganda.org\/webalganda\/wp-json\/wp\/v2\/pages\/2337\/revisions"}],"predecessor-version":[{"id":2456,"href":"http:\/\/www.alganda.org\/webalganda\/wp-json\/wp\/v2\/pages\/2337\/revisions\/2456"}],"wp:featuredmedia":[{"embeddable":true,"href":"http:\/\/www.alganda.org\/webalganda\/wp-json\/wp\/v2\/media\/2455"}],"wp:attachment":[{"href":"http:\/\/www.alganda.org\/webalganda\/wp-json\/wp\/v2\/media?parent=2337"}],"curies":[{"name":"wp","href":"https:\/\/api.w.org\/{rel}","templated":true}]}}