{"id":2458,"date":"2024-02-01T07:08:24","date_gmt":"2024-02-01T06:08:24","guid":{"rendered":"https:\/\/www.alganda.org\/webalganda\/?page_id=2458"},"modified":"2024-04-22T05:07:49","modified_gmt":"2024-04-22T03:07:49","slug":"gabinete-psicosocial","status":"publish","type":"page","link":"http:\/\/www.alganda.org\/webalganda\/gabinete-psicosocial\/","title":{"rendered":"Gabinete Psicosocial"},"content":{"rendered":"<p data-wp-editing=\"1\"><img loading=\"lazy\" decoding=\"async\" class=\"alignnone wp-image-2463 size-large\" src=\"http:\/\/www.alganda.org\/webalganda\/wp-content\/uploads\/2024\/02\/1-663x1024.png\" alt=\"\" width=\"640\" height=\"988\" srcset=\"http:\/\/www.alganda.org\/webalganda\/wp-content\/uploads\/2024\/02\/1-663x1024.png 663w, http:\/\/www.alganda.org\/webalganda\/wp-content\/uploads\/2024\/02\/1-194x300.png 194w, http:\/\/www.alganda.org\/webalganda\/wp-content\/uploads\/2024\/02\/1-768x1187.png 768w, http:\/\/www.alganda.org\/webalganda\/wp-content\/uploads\/2024\/02\/1-994x1536.png 994w, http:\/\/www.alganda.org\/webalganda\/wp-content\/uploads\/2024\/02\/1-1325x2048.png 1325w, http:\/\/www.alganda.org\/webalganda\/wp-content\/uploads\/2024\/02\/1-382x590.png 382w, http:\/\/www.alganda.org\/webalganda\/wp-content\/uploads\/2024\/02\/1.png 1650w\" sizes=\"auto, (max-width: 640px) 100vw, 640px\" \/><\/p>\n<p data-wp-editing=\"1\"><img loading=\"lazy\" decoding=\"async\" class=\"alignnone wp-image-2466 size-large\" src=\"http:\/\/www.alganda.org\/webalganda\/wp-content\/uploads\/2024\/02\/4-663x1024.png\" alt=\"\" width=\"640\" height=\"988\" srcset=\"http:\/\/www.alganda.org\/webalganda\/wp-content\/uploads\/2024\/02\/4-663x1024.png 663w, http:\/\/www.alganda.org\/webalganda\/wp-content\/uploads\/2024\/02\/4-194x300.png 194w, http:\/\/www.alganda.org\/webalganda\/wp-content\/uploads\/2024\/02\/4-768x1187.png 768w, http:\/\/www.alganda.org\/webalganda\/wp-content\/uploads\/2024\/02\/4-994x1536.png 994w, http:\/\/www.alganda.org\/webalganda\/wp-content\/uploads\/2024\/02\/4-1325x2048.png 1325w, http:\/\/www.alganda.org\/webalganda\/wp-content\/uploads\/2024\/02\/4-382x590.png 382w, http:\/\/www.alganda.org\/webalganda\/wp-content\/uploads\/2024\/02\/4.png 1650w\" sizes=\"auto, (max-width: 640px) 100vw, 640px\" \/> <img loading=\"lazy\" decoding=\"async\" class=\"alignnone wp-image-2465 size-large\" src=\"http:\/\/www.alganda.org\/webalganda\/wp-content\/uploads\/2024\/02\/3-663x1024.png\" alt=\"\" width=\"640\" height=\"988\" srcset=\"http:\/\/www.alganda.org\/webalganda\/wp-content\/uploads\/2024\/02\/3-663x1024.png 663w, http:\/\/www.alganda.org\/webalganda\/wp-content\/uploads\/2024\/02\/3-194x300.png 194w, http:\/\/www.alganda.org\/webalganda\/wp-content\/uploads\/2024\/02\/3-768x1187.png 768w, http:\/\/www.alganda.org\/webalganda\/wp-content\/uploads\/2024\/02\/3-994x1536.png 994w, http:\/\/www.alganda.org\/webalganda\/wp-content\/uploads\/2024\/02\/3-1325x2048.png 1325w, http:\/\/www.alganda.org\/webalganda\/wp-content\/uploads\/2024\/02\/3-382x590.png 382w, http:\/\/www.alganda.org\/webalganda\/wp-content\/uploads\/2024\/02\/3.png 1650w\" sizes=\"auto, (max-width: 640px) 100vw, 640px\" \/> <img loading=\"lazy\" decoding=\"async\" class=\"alignnone wp-image-2464 size-large\" src=\"http:\/\/www.alganda.org\/webalganda\/wp-content\/uploads\/2024\/02\/2-663x1024.png\" alt=\"\" width=\"640\" height=\"988\" srcset=\"http:\/\/www.alganda.org\/webalganda\/wp-content\/uploads\/2024\/02\/2-663x1024.png 663w, http:\/\/www.alganda.org\/webalganda\/wp-content\/uploads\/2024\/02\/2-194x300.png 194w, http:\/\/www.alganda.org\/webalganda\/wp-content\/uploads\/2024\/02\/2-768x1187.png 768w, http:\/\/www.alganda.org\/webalganda\/wp-content\/uploads\/2024\/02\/2-994x1536.png 994w, http:\/\/www.alganda.org\/webalganda\/wp-content\/uploads\/2024\/02\/2-1325x2048.png 1325w, http:\/\/www.alganda.org\/webalganda\/wp-content\/uploads\/2024\/02\/2-382x590.png 382w, http:\/\/www.alganda.org\/webalganda\/wp-content\/uploads\/2024\/02\/2.png 1650w\" sizes=\"auto, (max-width: 640px) 100vw, 640px\" \/><\/p>\n<p data-wp-editing=\"1\">Si necesitas m\u00e1s informaci\u00f3n tambi\u00e9n puedes ponerte en contacto a trav\u00e9s del Whatsapp:<\/p>\n<p data-wp-editing=\"1\">658 888 402<\/p>\n","protected":false},"excerpt":{"rendered":"<p>Si necesitas m\u00e1s informaci\u00f3n tambi\u00e9n puedes ponerte en contacto a trav\u00e9s del Whatsapp: 658 888 402<\/p>\n","protected":false},"author":2,"featured_media":2463,"parent":0,"menu_order":0,"comment_status":"closed","ping_status":"closed","template":"","meta":{"jetpack_post_was_ever_published":false,"footnotes":""},"class_list":["post-2458","page","type-page","status-publish","has-post-thumbnail","hentry"],"jetpack_sharing_enabled":true,"jetpack_shortlink":"https:\/\/wp.me\/P9DCiD-DE","_links":{"self":[{"href":"http:\/\/www.alganda.org\/webalganda\/wp-json\/wp\/v2\/pages\/2458","targetHints":{"allow":["GET"]}}],"collection":[{"href":"http:\/\/www.alganda.org\/webalganda\/wp-json\/wp\/v2\/pages"}],"about":[{"href":"http:\/\/www.alganda.org\/webalganda\/wp-json\/wp\/v2\/types\/page"}],"author":[{"embeddable":true,"href":"http:\/\/www.alganda.org\/webalganda\/wp-json\/wp\/v2\/users\/2"}],"replies":[{"embeddable":true,"href":"http:\/\/www.alganda.org\/webalganda\/wp-json\/wp\/v2\/comments?post=2458"}],"version-history":[{"count":4,"href":"http:\/\/www.alganda.org\/webalganda\/wp-json\/wp\/v2\/pages\/2458\/revisions"}],"predecessor-version":[{"id":2602,"href":"http:\/\/www.alganda.org\/webalganda\/wp-json\/wp\/v2\/pages\/2458\/revisions\/2602"}],"wp:featuredmedia":[{"embeddable":true,"href":"http:\/\/www.alganda.org\/webalganda\/wp-json\/wp\/v2\/media\/2463"}],"wp:attachment":[{"href":"http:\/\/www.alganda.org\/webalganda\/wp-json\/wp\/v2\/media?parent=2458"}],"curies":[{"name":"wp","href":"https:\/\/api.w.org\/{rel}","templated":true}]}}