{"id":2333,"date":"2023-12-28T23:47:36","date_gmt":"2023-12-28T22:47:36","guid":{"rendered":"https:\/\/www.alganda.org\/webalganda\/?page_id=2333"},"modified":"2024-01-17T10:23:07","modified_gmt":"2024-01-17T09:23:07","slug":"mayores-talavera","status":"publish","type":"page","link":"https:\/\/www.alganda.org\/webalganda\/mayores-talavera\/","title":{"rendered":"Mayores Talavera"},"content":{"rendered":"<p><img loading=\"lazy\" decoding=\"async\" class=\"alignnone size-full wp-image-2378\" src=\"http:\/\/www.alganda.org\/webalganda\/wp-content\/uploads\/2024\/01\/soledad-Talavera.png\" alt=\"\" width=\"1280\" height=\"853\" srcset=\"https:\/\/www.alganda.org\/webalganda\/wp-content\/uploads\/2024\/01\/soledad-Talavera.png 1280w, https:\/\/www.alganda.org\/webalganda\/wp-content\/uploads\/2024\/01\/soledad-Talavera-300x200.png 300w, https:\/\/www.alganda.org\/webalganda\/wp-content\/uploads\/2024\/01\/soledad-Talavera-1024x682.png 1024w, https:\/\/www.alganda.org\/webalganda\/wp-content\/uploads\/2024\/01\/soledad-Talavera-768x512.png 768w, https:\/\/www.alganda.org\/webalganda\/wp-content\/uploads\/2024\/01\/soledad-Talavera-885x590.png 885w\" sizes=\"auto, (max-width: 1280px) 100vw, 1280px\" \/><\/p>\n<p>In-Cluyendo Experiencias es un proyecto que busca mejorar la calidad de vida, as\u00ed como dotar de una cobertura especial a las personas mayores en Talavera de la Reina.<\/p>\n<p>El objetivo es proveer de un servicio de asesoramiento, valoraci\u00f3n, orientaci\u00f3n, informaci\u00f3n y apoyo a las personas mayores en situaci\u00f3n de soledad, as\u00ed como a sus familias y entorno m\u00e1s cercano, en el proceso natural de envejecimiento, cubriendo sus posibles necesidades.<\/p>\n<p>Para ello trabajamos desde la perspectiva comunitaria, apoy\u00e1ndonos en el entorno para disminuir el riego de soledad de las personas con escasas redes de apoyo.<\/p>\n<p>Trabajamos desde el modelo de atenci\u00f3n integral y centrada en la persona, realizando itinerarios de acompa\u00f1amiento e intervenci\u00f3n totalmente individualizados y adaptados a las necesidades de las personas mayores.<\/p>\n<p>Desde la Atenci\u00f3n Psicosocial trabajamos con las personas mayores desde una perspectiva social y psicoterap\u00e9utica para volver a los m\u00ednimos necesarios para no depender de los servicios sociales y desarrollar las habilidades y recursos necesarios para mejorar su calidad de vida en el domicilio. Puedes consultar el d\u00edptico en el siguiente\u00a0enlace.<\/p>\n<p>Desde la intervenci\u00f3n comunitaria se busca implicar a la ciudadan\u00eda, los profesionales y las distintas entidades y organismos en la realizaci\u00f3n de actividades para las personas mayores. Entre estas acciones destacan:<br \/>\n&#8211; El Plan Detecta es una acci\u00f3n en conjunto con la ciudadan\u00eda para mejorar la calidad de vida de las personas mayores en situaci\u00f3n de vulnerabilidad ya sea por soledad, dependencia o situaci\u00f3n puntual sobrevenida. Pod\u00e9is encontrar m\u00e1s informaci\u00f3n al respecto en este\u00a0enlace.<br \/>\n&#8211; Talleres de envejecimiento activo desarrollados en los distintos municipios que componen la Campana. El objetivo es generar un espacio semanal de encuentro el que desarrollar distintas actividades de estimulaci\u00f3n cognitiva para mantenerse activos f\u00edsica y mentalmente.<br \/>\n&#8211; #ActivaMente: Envejecimiento Activo en Casa es una propuesta para que las personas mayores puedan realizar actividades de envejecimiento activo de forma segura y desde casa, ayudando as\u00ed a preservar su salud f\u00edsica y mental. Ten\u00e9is m\u00e1s informaci\u00f3n a vuestra disposici\u00f3n en el siguiente\u00a0enlace.<\/p>\n","protected":false},"excerpt":{"rendered":"<p>In-Cluyendo Experiencias es un proyecto que busca mejorar la calidad de vida, as\u00ed como dotar de una cobertura especial a las personas mayores en Talavera de la Reina. El objetivo [&hellip;]<\/p>\n","protected":false},"author":2,"featured_media":2378,"parent":0,"menu_order":0,"comment_status":"closed","ping_status":"closed","template":"","meta":{"jetpack_post_was_ever_published":false,"footnotes":""},"class_list":["post-2333","page","type-page","status-publish","has-post-thumbnail","hentry"],"jetpack_sharing_enabled":true,"jetpack_shortlink":"https:\/\/wp.me\/P9DCiD-BD","_links":{"self":[{"href":"https:\/\/www.alganda.org\/webalganda\/wp-json\/wp\/v2\/pages\/2333","targetHints":{"allow":["GET"]}}],"collection":[{"href":"https:\/\/www.alganda.org\/webalganda\/wp-json\/wp\/v2\/pages"}],"about":[{"href":"https:\/\/www.alganda.org\/webalganda\/wp-json\/wp\/v2\/types\/page"}],"author":[{"embeddable":true,"href":"https:\/\/www.alganda.org\/webalganda\/wp-json\/wp\/v2\/users\/2"}],"replies":[{"embeddable":true,"href":"https:\/\/www.alganda.org\/webalganda\/wp-json\/wp\/v2\/comments?post=2333"}],"version-history":[{"count":4,"href":"https:\/\/www.alganda.org\/webalganda\/wp-json\/wp\/v2\/pages\/2333\/revisions"}],"predecessor-version":[{"id":2402,"href":"https:\/\/www.alganda.org\/webalganda\/wp-json\/wp\/v2\/pages\/2333\/revisions\/2402"}],"wp:featuredmedia":[{"embeddable":true,"href":"https:\/\/www.alganda.org\/webalganda\/wp-json\/wp\/v2\/media\/2378"}],"wp:attachment":[{"href":"https:\/\/www.alganda.org\/webalganda\/wp-json\/wp\/v2\/media?parent=2333"}],"curies":[{"name":"wp","href":"https:\/\/api.w.org\/{rel}","templated":true}]}}