{"id":2363,"date":"2024-01-08T12:13:03","date_gmt":"2024-01-08T11:13:03","guid":{"rendered":"https:\/\/www.alganda.org\/webalganda\/?page_id=2363"},"modified":"2024-01-08T12:13:03","modified_gmt":"2024-01-08T11:13:03","slug":"crea-barrio-labciudadano","status":"publish","type":"page","link":"https:\/\/www.alganda.org\/webalganda\/crea-barrio-labciudadano\/","title":{"rendered":"CREA BARRIO-LabCiudadano"},"content":{"rendered":"<p>CREA BARRIO \u2013 LabCiudadano fue un espacio para el di\u00e1logo, la participaci\u00f3n, compartir conocimientos y desarrollar proyectos para la mejora del bienestar y convivencia de los barrios El Carmen y El Pilar. A trav\u00e9s de metodolog\u00edas participativas y de laboratorios ciudadanos cualquier vecino o vecina, grupo o entidad puede presentar una propuesta de trabajo o idea y comenzar a trabajar junto a un grupo de colaboradores.<\/p>\n<p>Estuvimos trabajando en estos grupos de trabajo.<\/p>\n<ul>\n<li>Interculturalidad y Convivencia: Espacio para el trabajo por la convivencia de la diversidad y las diferentes culturas a trav\u00e9s de acciones de conocimiento, comunicaci\u00f3n, sensibilizaci\u00f3n y di\u00e1logo.<\/li>\n<li>Red de Asociaciones y Grupos de Talavera: Espacio para el conocimiento, comunicaci\u00f3n y creaci\u00f3n de acciones a trav\u00e9s de la colaboraci\u00f3n y sinergias de diferentes asociaciones y grupos que desarrollan su labor en los barrios El Carmen y El Pilar en promoci\u00f3n de la participaci\u00f3n, asociacionismo y la convivencia.<\/li>\n<li>Barrios que cuentan: Desde este proyecto se ha desarrollado un mapa interactivo de los barrios El Carmen y El Pilar donde se puede acceder a los audios de los recuerdos, an\u00e9cdotas y relatos de las vecinas y vecinos sobre la construcci\u00f3n de los barrios y c\u00f3mo era el d\u00eda a d\u00eda.<\/li>\n<\/ul>\n<p>Es un proyecto financiado por la Junta de Comunidades de Castilla-La Mancha, Fondo Social Europeo, Diputaci\u00f3n Provincial de Toledo y Obra Social La Caixa.<\/p>\n","protected":false},"excerpt":{"rendered":"<p>CREA BARRIO \u2013 LabCiudadano fue un espacio para el di\u00e1logo, la participaci\u00f3n, compartir conocimientos y desarrollar proyectos para la mejora del bienestar y convivencia de los barrios El Carmen y [&hellip;]<\/p>\n","protected":false},"author":4,"featured_media":0,"parent":0,"menu_order":0,"comment_status":"closed","ping_status":"closed","template":"","meta":{"jetpack_post_was_ever_published":false,"footnotes":""},"class_list":["post-2363","page","type-page","status-publish","hentry"],"jetpack_sharing_enabled":true,"jetpack_shortlink":"https:\/\/wp.me\/P9DCiD-C7","_links":{"self":[{"href":"https:\/\/www.alganda.org\/webalganda\/wp-json\/wp\/v2\/pages\/2363","targetHints":{"allow":["GET"]}}],"collection":[{"href":"https:\/\/www.alganda.org\/webalganda\/wp-json\/wp\/v2\/pages"}],"about":[{"href":"https:\/\/www.alganda.org\/webalganda\/wp-json\/wp\/v2\/types\/page"}],"author":[{"embeddable":true,"href":"https:\/\/www.alganda.org\/webalganda\/wp-json\/wp\/v2\/users\/4"}],"replies":[{"embeddable":true,"href":"https:\/\/www.alganda.org\/webalganda\/wp-json\/wp\/v2\/comments?post=2363"}],"version-history":[{"count":1,"href":"https:\/\/www.alganda.org\/webalganda\/wp-json\/wp\/v2\/pages\/2363\/revisions"}],"predecessor-version":[{"id":2364,"href":"https:\/\/www.alganda.org\/webalganda\/wp-json\/wp\/v2\/pages\/2363\/revisions\/2364"}],"wp:attachment":[{"href":"https:\/\/www.alganda.org\/webalganda\/wp-json\/wp\/v2\/media?parent=2363"}],"curies":[{"name":"wp","href":"https:\/\/api.w.org\/{rel}","templated":true}]}}